{"id":17,"date":"2016-08-22T00:24:31","date_gmt":"2016-08-22T00:24:31","guid":{"rendered":"https:\/\/oceanwp.org\/simple\/?page_id=17"},"modified":"2019-04-12T09:21:11","modified_gmt":"2019-04-12T09:21:11","slug":"home","status":"publish","type":"page","link":"https:\/\/www.latitude17.fr\/?page_id=17","title":{"rendered":"Latitude17"},"content":{"rendered":"\t\t<div data-elementor-type=\"wp-post\" data-elementor-id=\"17\" class=\"elementor elementor-17\">\n\t\t\t\t\t\t\t\t\t<section class=\"elementor-section elementor-top-section elementor-element elementor-element-d53d1ec elementor-section-stretched elementor-section-content-middle elementor-reverse-mobile elementor-section-boxed elementor-section-height-default elementor-section-height-default elementor-invisible\" data-id=\"d53d1ec\" data-element_type=\"section\" data-settings=\"{&quot;stretch_section&quot;:&quot;section-stretched&quot;,&quot;animation&quot;:&quot;fadeInDown&quot;}\">\n\t\t\t\t\t\t<div class=\"elementor-container elementor-column-gap-default\">\n\t\t\t\t\t<div class=\"elementor-column elementor-col-100 elementor-top-column elementor-element elementor-element-6e01398\" data-id=\"6e01398\" data-element_type=\"column\">\n\t\t\t<div class=\"elementor-widget-wrap elementor-element-populated\">\n\t\t\t\t\t\t\t\t<div class=\"elementor-element elementor-element-46b2e4a elementor-invisible elementor-widget elementor-widget-text-editor\" data-id=\"46b2e4a\" data-element_type=\"widget\" data-settings=\"{&quot;_animation&quot;:&quot;fadeInDown&quot;}\" data-widget_type=\"text-editor.default\">\n\t\t\t\t<div class=\"elementor-widget-container\">\n\t\t\t\t\t\t\t<h2 class=\"elementor-heading-title elementor-size-default elementor-inline-editing pen\" style=\"text-align: center;\" contenteditable=\"true\" data-elementor-setting-key=\"title\" data-pen-placeholder=\"\u00c9crivez ici...\"><span style=\"color: #808080;\">Partageant notre vie entre Fouras en Charente Maritime et Beg dans les Cotes d\u2019Armor, nous cr\u00e9ons et fabriquons des articles \u00e0 partir de mat\u00e9riel aquacole (ostr\u00e9icole, mythilicole, p\u00eache, &#8230;), poches \u00e0 hu\u00eetres, maille \u00e0 casiers, cordages marins, para corde, tissus, d\u00e9corations, et mat\u00e9riaux r\u00e9cup\u00e9r\u00e9s sur les plages que nous recyclons.\u200b\u00a0 \u00a0 \u00a0 \u00a0 \u00a0 \u00a0 \u00a0 \u00a0 \u00a0 \u00a0 \u00a0 \u00a0 \u00a0 \u00a0 De part sa fabrication chaque pi\u00e8ce est unique<\/span><\/h2>\t\t\t\t\t\t<\/div>\n\t\t\t\t<\/div>\n\t\t\t\t\t<\/div>\n\t\t<\/div>\n\t\t\t\t\t\t\t<\/div>\n\t\t<\/section>\n\t\t\t\t<section class=\"elementor-section elementor-top-section elementor-element elementor-element-cj26yrf elementor-section-stretched elementor-section-content-bottom elementor-section-boxed elementor-section-height-default elementor-section-height-default\" data-id=\"cj26yrf\" data-element_type=\"section\" data-settings=\"{&quot;background_background&quot;:&quot;classic&quot;,&quot;stretch_section&quot;:&quot;section-stretched&quot;}\">\n\t\t\t\t\t\t<div class=\"elementor-container elementor-column-gap-no\">\n\t\t\t\t\t<div class=\"elementor-column elementor-col-100 elementor-top-column elementor-element elementor-element-7830bpk\" data-id=\"7830bpk\" data-element_type=\"column\">\n\t\t\t<div class=\"elementor-widget-wrap elementor-element-populated\">\n\t\t\t\t\t\t\t\t<div class=\"elementor-element elementor-element-25bc06f elementor-widget elementor-widget-text-editor\" data-id=\"25bc06f\" data-element_type=\"widget\" data-widget_type=\"text-editor.default\">\n\t\t\t\t<div class=\"elementor-widget-container\">\n\t\t\t\t\t\t\t\t\t\t\t\t\t<\/div>\n\t\t\t\t<\/div>\n\t\t\t\t\t<\/div>\n\t\t<\/div>\n\t\t\t\t\t\t\t<\/div>\n\t\t<\/section>\n\t\t\t\t\t\t\t<\/div>\n\t\t","protected":false},"excerpt":{"rendered":"<p>Partageant notre vie entre Fouras en Charente Maritime et Beg dans les Cotes d\u2019Armor, nous cr\u00e9ons et fabriquons des articles \u00e0 partir de mat\u00e9riel aquacole (ostr\u00e9icole, mythilicole, p\u00eache, &#8230;), poches \u00e0 hu\u00eetres, maille \u00e0 casiers, cordages marins, para corde, tissus, d\u00e9corations, et mat\u00e9riaux r\u00e9cup\u00e9r\u00e9s sur les plages que nous recyclons.\u200b\u00a0 \u00a0 \u00a0 \u00a0 \u00a0 \u00a0 [&hellip;]<\/p>\n","protected":false},"author":1,"featured_media":303,"parent":0,"menu_order":0,"comment_status":"closed","ping_status":"closed","template":"elementor_header_footer","meta":{"ocean_post_layout":"full-width","ocean_both_sidebars_style":"","ocean_both_sidebars_content_width":0,"ocean_both_sidebars_sidebars_width":0,"ocean_sidebar":"0","ocean_second_sidebar":"0","ocean_disable_margins":"enable","ocean_add_body_class":"","ocean_shortcode_before_top_bar":"","ocean_shortcode_after_top_bar":"","ocean_shortcode_before_header":"","ocean_shortcode_after_header":"","ocean_has_shortcode":"","ocean_shortcode_after_title":"","ocean_shortcode_before_footer_widgets":"","ocean_shortcode_after_footer_widgets":"","ocean_shortcode_before_footer_bottom":"","ocean_shortcode_after_footer_bottom":"","ocean_display_top_bar":"default","ocean_display_header":"default","ocean_header_style":"","ocean_center_header_left_menu":"0","ocean_custom_header_template":"0","ocean_custom_logo":0,"ocean_custom_retina_logo":0,"ocean_custom_logo_max_width":0,"ocean_custom_logo_tablet_max_width":0,"ocean_custom_logo_mobile_max_width":0,"ocean_custom_logo_max_height":0,"ocean_custom_logo_tablet_max_height":0,"ocean_custom_logo_mobile_max_height":0,"ocean_header_custom_menu":"27","ocean_menu_typo_font_family":"0","ocean_menu_typo_font_subset":"","ocean_menu_typo_font_size":0,"ocean_menu_typo_font_size_tablet":0,"ocean_menu_typo_font_size_mobile":0,"ocean_menu_typo_font_size_unit":"px","ocean_menu_typo_font_weight":"","ocean_menu_typo_font_weight_tablet":"","ocean_menu_typo_font_weight_mobile":"","ocean_menu_typo_transform":"","ocean_menu_typo_transform_tablet":"","ocean_menu_typo_transform_mobile":"","ocean_menu_typo_line_height":0,"ocean_menu_typo_line_height_tablet":0,"ocean_menu_typo_line_height_mobile":0,"ocean_menu_typo_line_height_unit":"","ocean_menu_typo_spacing":0,"ocean_menu_typo_spacing_tablet":0,"ocean_menu_typo_spacing_mobile":0,"ocean_menu_typo_spacing_unit":"","ocean_menu_link_color":"","ocean_menu_link_color_hover":"","ocean_menu_link_color_active":"","ocean_menu_link_background":"","ocean_menu_link_hover_background":"","ocean_menu_link_active_background":"","ocean_menu_social_links_bg":"","ocean_menu_social_hover_links_bg":"","ocean_menu_social_links_color":"","ocean_menu_social_hover_links_color":"","ocean_disable_title":"default","ocean_disable_heading":"default","ocean_post_title":"","ocean_post_subheading":"","ocean_post_title_style":"","ocean_post_title_background_color":"","ocean_post_title_background":0,"ocean_post_title_bg_image_position":"","ocean_post_title_bg_image_attachment":"","ocean_post_title_bg_image_repeat":"","ocean_post_title_bg_image_size":"","ocean_post_title_height":400,"ocean_post_title_bg_overlay":0.5,"ocean_post_title_bg_overlay_color":"","ocean_disable_breadcrumbs":"default","ocean_breadcrumbs_color":"","ocean_breadcrumbs_separator_color":"","ocean_breadcrumbs_links_color":"","ocean_breadcrumbs_links_hover_color":"","ocean_display_footer_widgets":"on","ocean_display_footer_bottom":"default","ocean_custom_footer_template":"0","footnotes":""},"class_list":["post-17","page","type-page","status-publish","has-post-thumbnail","hentry","entry","has-media","owp-thumbs-layout-horizontal","owp-btn-normal","owp-tabs-layout-horizontal","has-no-thumbnails"],"yoast_head":"<!-- This site is optimized with the Yoast SEO plugin v25.8 - https:\/\/yoast.com\/wordpress\/plugins\/seo\/ -->\n<title>Latitude17 - Latitude17<\/title>\n<meta name=\"robots\" content=\"index, follow, max-snippet:-1, max-image-preview:large, max-video-preview:-1\" \/>\n<link rel=\"canonical\" href=\"http:\/\/www.latitude17.fr\/?page_id=17\" \/>\n<meta property=\"og:locale\" content=\"fr_FR\" \/>\n<meta property=\"og:type\" content=\"article\" \/>\n<meta property=\"og:title\" content=\"Latitude17 - Latitude17\" \/>\n<meta property=\"og:description\" content=\"Partageant notre vie entre Fouras en Charente Maritime et Beg dans les Cotes d\u2019Armor, nous cr\u00e9ons et fabriquons des articles \u00e0 partir de mat\u00e9riel aquacole (ostr\u00e9icole, mythilicole, p\u00eache, &#8230;), poches \u00e0 hu\u00eetres, maille \u00e0 casiers, cordages marins, para corde, tissus, d\u00e9corations, et mat\u00e9riaux r\u00e9cup\u00e9r\u00e9s sur les plages que nous recyclons.\u200b\u00a0 \u00a0 \u00a0 \u00a0 \u00a0 \u00a0 [&hellip;]\" \/>\n<meta property=\"og:url\" content=\"http:\/\/www.latitude17.fr\/?page_id=17\" \/>\n<meta property=\"og:site_name\" content=\"Latitude17\" \/>\n<meta property=\"article:publisher\" content=\"https:\/\/www.facebook.com\/pg\/Latitude17-Les-paniers-de-la-Presqu%c3%aele-509908279352819\/\" \/>\n<meta property=\"article:modified_time\" content=\"2019-04-12T09:21:11+00:00\" \/>\n<meta property=\"og:image\" content=\"http:\/\/www.latitude17.fr\/wp-content\/uploads\/2018\/09\/IMG_9153-1024x768.jpg\" \/>\n\t<meta property=\"og:image:width\" content=\"1024\" \/>\n\t<meta property=\"og:image:height\" content=\"768\" \/>\n\t<meta property=\"og:image:type\" content=\"image\/jpeg\" \/>\n<meta name=\"twitter:card\" content=\"summary_large_image\" \/>\n<meta name=\"twitter:site\" content=\"@latitude17450\" \/>\n<script type=\"application\/ld+json\" class=\"yoast-schema-graph\">{\"@context\":\"https:\/\/schema.org\",\"@graph\":[{\"@type\":\"WebPage\",\"@id\":\"http:\/\/www.latitude17.fr\/?page_id=17\",\"url\":\"http:\/\/www.latitude17.fr\/?page_id=17\",\"name\":\"Latitude17 - Latitude17\",\"isPartOf\":{\"@id\":\"http:\/\/www.latitude17.fr\/#website\"},\"primaryImageOfPage\":{\"@id\":\"http:\/\/www.latitude17.fr\/?page_id=17#primaryimage\"},\"image\":{\"@id\":\"http:\/\/www.latitude17.fr\/?page_id=17#primaryimage\"},\"thumbnailUrl\":\"https:\/\/www.latitude17.fr\/wp-content\/uploads\/2018\/09\/IMG_9153.jpg\",\"datePublished\":\"2016-08-22T00:24:31+00:00\",\"dateModified\":\"2019-04-12T09:21:11+00:00\",\"breadcrumb\":{\"@id\":\"http:\/\/www.latitude17.fr\/?page_id=17#breadcrumb\"},\"inLanguage\":\"fr-FR\",\"potentialAction\":[{\"@type\":\"ReadAction\",\"target\":[\"http:\/\/www.latitude17.fr\/?page_id=17\"]}]},{\"@type\":\"ImageObject\",\"inLanguage\":\"fr-FR\",\"@id\":\"http:\/\/www.latitude17.fr\/?page_id=17#primaryimage\",\"url\":\"https:\/\/www.latitude17.fr\/wp-content\/uploads\/2018\/09\/IMG_9153.jpg\",\"contentUrl\":\"https:\/\/www.latitude17.fr\/wp-content\/uploads\/2018\/09\/IMG_9153.jpg\",\"width\":4032,\"height\":3024},{\"@type\":\"BreadcrumbList\",\"@id\":\"http:\/\/www.latitude17.fr\/?page_id=17#breadcrumb\",\"itemListElement\":[{\"@type\":\"ListItem\",\"position\":1,\"name\":\"Accueil\",\"item\":\"http:\/\/www.latitude17.fr\/\"},{\"@type\":\"ListItem\",\"position\":2,\"name\":\"Latitude17\"}]},{\"@type\":\"WebSite\",\"@id\":\"http:\/\/www.latitude17.fr\/#website\",\"url\":\"http:\/\/www.latitude17.fr\/\",\"name\":\"www.latitude17.fr\",\"description\":\"Nous cr\u00e9ons et r\u00e9alisons des articles \u00e0 partir de mat\u00e9riel ostr\u00e9icole, marin et de mat\u00e9riaux recycl\u00e9s. L&#039;oc\u00e9an et le surcyclage\",\"potentialAction\":[{\"@type\":\"SearchAction\",\"target\":{\"@type\":\"EntryPoint\",\"urlTemplate\":\"http:\/\/www.latitude17.fr\/?s={search_term_string}\"},\"query-input\":{\"@type\":\"PropertyValueSpecification\",\"valueRequired\":true,\"valueName\":\"search_term_string\"}}],\"inLanguage\":\"fr-FR\"}]}<\/script>\n<!-- \/ Yoast SEO plugin. -->","yoast_head_json":{"title":"Latitude17 - Latitude17","robots":{"index":"index","follow":"follow","max-snippet":"max-snippet:-1","max-image-preview":"max-image-preview:large","max-video-preview":"max-video-preview:-1"},"canonical":"http:\/\/www.latitude17.fr\/?page_id=17","og_locale":"fr_FR","og_type":"article","og_title":"Latitude17 - Latitude17","og_description":"Partageant notre vie entre Fouras en Charente Maritime et Beg dans les Cotes d\u2019Armor, nous cr\u00e9ons et fabriquons des articles \u00e0 partir de mat\u00e9riel aquacole (ostr\u00e9icole, mythilicole, p\u00eache, &#8230;), poches \u00e0 hu\u00eetres, maille \u00e0 casiers, cordages marins, para corde, tissus, d\u00e9corations, et mat\u00e9riaux r\u00e9cup\u00e9r\u00e9s sur les plages que nous recyclons.\u200b\u00a0 \u00a0 \u00a0 \u00a0 \u00a0 \u00a0 [&hellip;]","og_url":"http:\/\/www.latitude17.fr\/?page_id=17","og_site_name":"Latitude17","article_publisher":"https:\/\/www.facebook.com\/pg\/Latitude17-Les-paniers-de-la-Presqu%c3%aele-509908279352819\/","article_modified_time":"2019-04-12T09:21:11+00:00","og_image":[{"width":1024,"height":768,"url":"http:\/\/www.latitude17.fr\/wp-content\/uploads\/2018\/09\/IMG_9153-1024x768.jpg","type":"image\/jpeg"}],"twitter_card":"summary_large_image","twitter_site":"@latitude17450","schema":{"@context":"https:\/\/schema.org","@graph":[{"@type":"WebPage","@id":"http:\/\/www.latitude17.fr\/?page_id=17","url":"http:\/\/www.latitude17.fr\/?page_id=17","name":"Latitude17 - Latitude17","isPartOf":{"@id":"http:\/\/www.latitude17.fr\/#website"},"primaryImageOfPage":{"@id":"http:\/\/www.latitude17.fr\/?page_id=17#primaryimage"},"image":{"@id":"http:\/\/www.latitude17.fr\/?page_id=17#primaryimage"},"thumbnailUrl":"https:\/\/www.latitude17.fr\/wp-content\/uploads\/2018\/09\/IMG_9153.jpg","datePublished":"2016-08-22T00:24:31+00:00","dateModified":"2019-04-12T09:21:11+00:00","breadcrumb":{"@id":"http:\/\/www.latitude17.fr\/?page_id=17#breadcrumb"},"inLanguage":"fr-FR","potentialAction":[{"@type":"ReadAction","target":["http:\/\/www.latitude17.fr\/?page_id=17"]}]},{"@type":"ImageObject","inLanguage":"fr-FR","@id":"http:\/\/www.latitude17.fr\/?page_id=17#primaryimage","url":"https:\/\/www.latitude17.fr\/wp-content\/uploads\/2018\/09\/IMG_9153.jpg","contentUrl":"https:\/\/www.latitude17.fr\/wp-content\/uploads\/2018\/09\/IMG_9153.jpg","width":4032,"height":3024},{"@type":"BreadcrumbList","@id":"http:\/\/www.latitude17.fr\/?page_id=17#breadcrumb","itemListElement":[{"@type":"ListItem","position":1,"name":"Accueil","item":"http:\/\/www.latitude17.fr\/"},{"@type":"ListItem","position":2,"name":"Latitude17"}]},{"@type":"WebSite","@id":"http:\/\/www.latitude17.fr\/#website","url":"http:\/\/www.latitude17.fr\/","name":"www.latitude17.fr","description":"Nous cr\u00e9ons et r\u00e9alisons des articles \u00e0 partir de mat\u00e9riel ostr\u00e9icole, marin et de mat\u00e9riaux recycl\u00e9s. L&#039;oc\u00e9an et le surcyclage","potentialAction":[{"@type":"SearchAction","target":{"@type":"EntryPoint","urlTemplate":"http:\/\/www.latitude17.fr\/?s={search_term_string}"},"query-input":{"@type":"PropertyValueSpecification","valueRequired":true,"valueName":"search_term_string"}}],"inLanguage":"fr-FR"}]}},"_links":{"self":[{"href":"https:\/\/www.latitude17.fr\/index.php?rest_route=\/wp\/v2\/pages\/17","targetHints":{"allow":["GET"]}}],"collection":[{"href":"https:\/\/www.latitude17.fr\/index.php?rest_route=\/wp\/v2\/pages"}],"about":[{"href":"https:\/\/www.latitude17.fr\/index.php?rest_route=\/wp\/v2\/types\/page"}],"author":[{"embeddable":true,"href":"https:\/\/www.latitude17.fr\/index.php?rest_route=\/wp\/v2\/users\/1"}],"replies":[{"embeddable":true,"href":"https:\/\/www.latitude17.fr\/index.php?rest_route=%2Fwp%2Fv2%2Fcomments&post=17"}],"version-history":[{"count":69,"href":"https:\/\/www.latitude17.fr\/index.php?rest_route=\/wp\/v2\/pages\/17\/revisions"}],"predecessor-version":[{"id":3234,"href":"https:\/\/www.latitude17.fr\/index.php?rest_route=\/wp\/v2\/pages\/17\/revisions\/3234"}],"wp:featuredmedia":[{"embeddable":true,"href":"https:\/\/www.latitude17.fr\/index.php?rest_route=\/wp\/v2\/media\/303"}],"wp:attachment":[{"href":"https:\/\/www.latitude17.fr\/index.php?rest_route=%2Fwp%2Fv2%2Fmedia&parent=17"}],"curies":[{"name":"wp","href":"https:\/\/api.w.org\/{rel}","templated":true}]}}