{"id":3,"date":"2018-09-12T15:38:59","date_gmt":"2018-09-12T15:38:59","guid":{"rendered":"http:\/\/www.latitude17.fr\/?page_id=3"},"modified":"2018-11-10T17:16:55","modified_gmt":"2018-11-10T17:16:55","slug":"privacy-policy","status":"publish","type":"page","link":"https:\/\/www.latitude17.fr\/?page_id=3","title":{"rendered":"Politique de Confidentialit\u00e9"},"content":{"rendered":"<h3><span style=\"color: #333333;\">Qui sommes nous<\/span><\/h3>\n<h5><span style=\"color: #333333;\">L&rsquo;adresse de notre site est: http:\/\/www.latitude17.fr<\/span><\/h5>\n<h3><span style=\"color: #333333;\">Les donn\u00e9es personnelles collect\u00e9es<\/span><\/h3>\n<h5><span style=\"color: #333333;\">Lorsque vous cr\u00e9ez un compte et que vous achetez sur notre site, nous vous demandons de renseigner des informations suivantes: votre nom, pr\u00e9nom, adresse de facturation, adresse de livraison, adresse de messagerie, num\u00e9ro de t\u00e9l\u00e9phone, donn\u00e9es de paiement par carte bancaire. Seules les donn\u00e9es que vous aurez renseign\u00e9es dans \u00ab\u00a0votre compte\u00a0\u00bb seront utilis\u00e9es.<\/span><\/h5>\n<h3><span style=\"color: #333333;\">Utilisation et transmission de vos donn\u00e9es personnelles<\/span><\/h3>\n<h4><span style=\"color: #333333;\">Qui de notre \u00e9quipe a acc\u00e8s aux donn\u00e9es<\/span><\/h4>\n<h5><span style=\"color: #333333;\">L&rsquo;administrateur du site a acc\u00e8s aux informations que vous nous fournissez. Il s&rsquo;agit des informations de commande (produits achet\u00e9s)\u00a0 et des informations client tels que votre nom, votre adresse de messagerie, les informations concernant la facturation ainsi que la livraison. L&rsquo;administrateur a acc\u00e8s \u00e0 ces informations pour traiter les commandes.<\/span><\/h5>\n<h4><span style=\"color: #333333;\">Utilisation des donn\u00e9es personnelles<\/span><\/h4>\n<h5><span style=\"color: #333333;\">Vos donn\u00e9es personnelles seront utilis\u00e9es pour:<\/span><\/h5>\n<ul>\n<li>\n<h5><span style=\"color: #333333;\">r\u00e9pondre aux demandes, incluant les remboursements<\/span><\/h5>\n<\/li>\n<li>\n<h5><span style=\"color: #333333;\">le traitement des paiement et la pr\u00e9vention de la fraude<\/span><\/h5>\n<\/li>\n<li>\n<h5><span style=\"color: #333333;\">configurer le compte client sur notre boutique en ligne<\/span><\/h5>\n<\/li>\n<li>\n<h5><span style=\"color: #333333;\">pr\u00e9 remplir la validation de commande pour les prochaines commandes<\/span><\/h5>\n<\/li>\n<li>\n<h5><span style=\"color: #333333;\">envoyer des informations \u00e0 propos des commandes<\/span><\/h5>\n<\/li>\n<\/ul>\n<h4><span style=\"color: #333333;\">Dur\u00e9e de stockage de vos donn\u00e9es<\/span><\/h4>\n<h5><span style=\"color: #333333;\"><strong class=\"privacy-policy-tutorial\">\u00a0<\/strong>Si vous laissez un commentaire, le commentaire et ses m\u00e9tadonn\u00e9es sont conserv\u00e9s ind\u00e9finiment. Cela permet de reconna\u00eetre et approuver automatiquement les commentaires suivants au lieu de les laisser dans la file de mod\u00e9ration.<\/span><\/h5>\n<h5><span style=\"color: #333333;\">Pour les utilisateurs et utilisatrices qui s\u2019enregistrent sur notre site, nous stockons \u00e9galement les donn\u00e9es personnelles indiqu\u00e9es dans leur profil. Tous les utilisateurs et utilisatrices peuvent voir, modifier ou supprimer leurs informations personnelles \u00e0 tout moment.<\/span><\/h5>\n<h5><span style=\"color: #333333;\">Nous stockons vos informations aussi longtemps que nous en avons besoin pour l&rsquo;usage pour lequel nous les collectons et utilisons. La dur\u00e9e est g\u00e9n\u00e9ralement de 5 ans pour des raisons de comptabilit\u00e9.\u00a0 Ceci inclut votre nom, adresse de messagerie, adresses de facturation et de livraison.<\/span><\/h5>\n<h4><span style=\"color: #333333;\">Partage de vos donn\u00e9es<\/span><\/h4>\n<h5><span style=\"color: #333333;\">Lors du traitement des paiements, certaines informations obligatoires \u00e0 son l&rsquo;ex\u00e9cution\u00a0 seront transmises \u00e0 Payplug. Il s&rsquo;agit du montant total et des informations de facturation.<\/span><\/h5>\n<h5><span style=\"color: #333333;\">Vous pouvez consulter la politique de confidentialit\u00e9 de Payplug \u00e0 l&rsquo;adresse suivante:<\/span><\/h5>\n<h5><span style=\"color: #333333;\">https:\/\/www.payplug.com\/fr\/politique-de-confidentialite<\/span><\/h5>\n<h5><span style=\"color: #333333;\">Afin de pouvoir effectuer la livraison de la commande nous transmettons vos donn\u00e9es\u00a0 \u00e0 la soci\u00e9t\u00e9 Boxtal qui a n\u00e9goci\u00e9 des partenariats avec les acteurs majeurs du transport. Les informations transmises sont votre nom, pr\u00e9nom et adresse de livraison.<\/span><\/h5>\n<h5><span style=\"color: #333333;\">Vous pouvez consulter la politique de confidentialit\u00e9 de Boxtal \u00e0 l&rsquo;adresse suivante:<\/span><\/h5>\n<h5><span style=\"color: #333333;\">https:\/\/www.boxtal.com\/fr\/fr\/legal\/politique-confidentialite<\/span><\/h5>\n<h5><span style=\"color: #333333;\">Notre h\u00e9bergeur est situ\u00e9 \u00e0 Clermont Ferrand, il n&rsquo;y a donc pas de transfert de donn\u00e9es de notre site vers l&rsquo;ext\u00e9rieur de l&rsquo;Union Europ\u00e9enne.<\/span><\/h5>\n<h5><span style=\"color: #333333;\">Si vous souhaitez plus d&rsquo;informations concernant notre h\u00e9bergeur, vous les trouverez \u00e0 l&rsquo;adresse suivante: https:\/\/www.o2switch.fr\/<\/span><\/h5>\n<h4><span style=\"color: #333333;\">Les commentaires<\/span><\/h4>\n<h5><span style=\"color: #333333;\">Lorsque vous laissez un commentaire sur notre site, les donn\u00e9es inscrites dans le formulaire de commentaire, mais aussi votre adresse IP et l&rsquo;agent utilisateur de votre navigateur sont collect\u00e9s afin de nous aider \u00e0 la d\u00e9tection des commentaires ind\u00e9sirables.<\/span><\/h5>\n<h4><span style=\"color: #333333;\">Cookies<\/span><\/h4>\n<h5><span style=\"color: #333333;\"><strong class=\"privacy-policy-tutorial\">\u00a0<\/strong>Si vous d\u00e9posez un commentaire sur notre site, il vous sera propos\u00e9 d\u2019enregistrer votre nom, adresse de messagerie et site web dans des cookies. C\u2019est uniquement pour votre confort afin de ne pas avoir \u00e0 saisir ces informations si vous d\u00e9posez un autre commentaire plus tard. Ces cookies expirent au bout d\u2019un an.<\/span><\/h5>\n<h5><span style=\"color: #333333;\">Si vous avez un compte et que vous vous connectez sur ce site, un cookie temporaire sera cr\u00e9\u00e9 afin de d\u00e9terminer si votre navigateur accepte les cookies. Il ne contient pas de donn\u00e9es personnelles et sera supprim\u00e9 automatiquement \u00e0 la fermeture de votre navigateur.<\/span><\/h5>\n<h5><span style=\"color: #333333;\">Lorsque vous vous connecterez, nous mettrons en place un certain nombre de cookies pour enregistrer vos informations de connexion et vos pr\u00e9f\u00e9rences d\u2019\u00e9cran. La dur\u00e9e de vie d\u2019un cookie de connexion est de deux jours, celle d\u2019un cookie d\u2019option d\u2019\u00e9cran est d\u2019un an. Si vous cochez \u00ab\u00a0Se souvenir de moi\u00a0\u00bb, votre cookie de connexion sera conserv\u00e9 pendant deux semaines. Si vous vous d\u00e9connectez de votre compte, le cookie de connexion sera effac\u00e9.<\/span><\/h5>\n<h5><span style=\"color: #333333;\">En modifiant ou en publiant une publication, un cookie suppl\u00e9mentaire sera enregistr\u00e9 dans votre navigateur. Ce cookie ne comprend aucune donn\u00e9e personnelle. Il indique simplement l\u2019ID de la publication que vous venez de modifier. Il expire au bout d\u2019un jour.<\/span><\/h5>\n<h4><span style=\"color: #333333;\">Vos droits<\/span><\/h4>\n<h5><span style=\"color: #333333;\">Si vous avez un compte ou si vous avez laiss\u00e9 des commentaires sur notre site, vous pouvez demander \u00e0 recevoir un fichier contenant les donn\u00e9es personnelles que nous poss\u00e9dons \u00e0 votre sujet, incluant celles que vous nous aurez fournies. Vous pouvez \u00e9galement demander la suppression des donn\u00e9es personnelles vous concernant. Cela ne prend pas en compte les donn\u00e9es stock\u00e9es \u00e0 des fins administratives ou l\u00e9gales.<\/span><\/h5>\n<h3><\/h3>\n<h3><\/h3>\n<p>&nbsp;<\/p>\n<h2><\/h2>\n<h3><\/h3>\n<h3><\/h3>\n","protected":false},"excerpt":{"rendered":"<p>Qui sommes nous L&rsquo;adresse de notre site est: http:\/\/www.latitude17.fr Les donn\u00e9es personnelles collect\u00e9es Lorsque vous cr\u00e9ez un compte et que vous achetez sur notre site, nous vous demandons de renseigner des informations suivantes: votre nom, pr\u00e9nom, adresse de facturation, adresse de livraison, adresse de messagerie, num\u00e9ro de t\u00e9l\u00e9phone, donn\u00e9es de paiement par carte bancaire. Seules [&hellip;]<\/p>\n","protected":false},"author":1,"featured_media":0,"parent":0,"menu_order":0,"comment_status":"closed","ping_status":"open","template":"","meta":{"ocean_post_layout":"full-width","ocean_both_sidebars_style":"","ocean_both_sidebars_content_width":0,"ocean_both_sidebars_sidebars_width":0,"ocean_sidebar":"0","ocean_second_sidebar":"0","ocean_disable_margins":"enable","ocean_add_body_class":"","ocean_shortcode_before_top_bar":"","ocean_shortcode_after_top_bar":"","ocean_shortcode_before_header":"","ocean_shortcode_after_header":"","ocean_has_shortcode":"","ocean_shortcode_after_title":"","ocean_shortcode_before_footer_widgets":"","ocean_shortcode_after_footer_widgets":"","ocean_shortcode_before_footer_bottom":"","ocean_shortcode_after_footer_bottom":"","ocean_display_top_bar":"default","ocean_display_header":"default","ocean_header_style":"","ocean_center_header_left_menu":"0","ocean_custom_header_template":"0","ocean_custom_logo":0,"ocean_custom_retina_logo":0,"ocean_custom_logo_max_width":0,"ocean_custom_logo_tablet_max_width":0,"ocean_custom_logo_mobile_max_width":0,"ocean_custom_logo_max_height":0,"ocean_custom_logo_tablet_max_height":0,"ocean_custom_logo_mobile_max_height":0,"ocean_header_custom_menu":"0","ocean_menu_typo_font_family":"0","ocean_menu_typo_font_subset":"","ocean_menu_typo_font_size":0,"ocean_menu_typo_font_size_tablet":0,"ocean_menu_typo_font_size_mobile":0,"ocean_menu_typo_font_size_unit":"px","ocean_menu_typo_font_weight":"","ocean_menu_typo_font_weight_tablet":"","ocean_menu_typo_font_weight_mobile":"","ocean_menu_typo_transform":"","ocean_menu_typo_transform_tablet":"","ocean_menu_typo_transform_mobile":"","ocean_menu_typo_line_height":0,"ocean_menu_typo_line_height_tablet":0,"ocean_menu_typo_line_height_mobile":0,"ocean_menu_typo_line_height_unit":"","ocean_menu_typo_spacing":0,"ocean_menu_typo_spacing_tablet":0,"ocean_menu_typo_spacing_mobile":0,"ocean_menu_typo_spacing_unit":"","ocean_menu_link_color":"","ocean_menu_link_color_hover":"","ocean_menu_link_color_active":"","ocean_menu_link_background":"","ocean_menu_link_hover_background":"","ocean_menu_link_active_background":"","ocean_menu_social_links_bg":"","ocean_menu_social_hover_links_bg":"","ocean_menu_social_links_color":"","ocean_menu_social_hover_links_color":"","ocean_disable_title":"default","ocean_disable_heading":"default","ocean_post_title":"","ocean_post_subheading":"","ocean_post_title_style":"","ocean_post_title_background_color":"","ocean_post_title_background":0,"ocean_post_title_bg_image_position":"","ocean_post_title_bg_image_attachment":"","ocean_post_title_bg_image_repeat":"","ocean_post_title_bg_image_size":"","ocean_post_title_height":0,"ocean_post_title_bg_overlay":0.5,"ocean_post_title_bg_overlay_color":"","ocean_disable_breadcrumbs":"default","ocean_breadcrumbs_color":"","ocean_breadcrumbs_separator_color":"","ocean_breadcrumbs_links_color":"","ocean_breadcrumbs_links_hover_color":"","ocean_display_footer_widgets":"default","ocean_display_footer_bottom":"default","ocean_custom_footer_template":"0","footnotes":""},"class_list":["post-3","page","type-page","status-publish","hentry","entry","owp-thumbs-layout-horizontal","owp-btn-normal","owp-tabs-layout-horizontal","has-no-thumbnails"],"yoast_head":"<!-- This site is optimized with the Yoast SEO plugin v25.8 - https:\/\/yoast.com\/wordpress\/plugins\/seo\/ -->\n<title>Politique de Confidentialit\u00e9 - Latitude17<\/title>\n<meta name=\"robots\" content=\"index, follow, max-snippet:-1, max-image-preview:large, max-video-preview:-1\" \/>\n<link rel=\"canonical\" href=\"https:\/\/www.latitude17.fr\/?page_id=3\" \/>\n<meta property=\"og:locale\" content=\"fr_FR\" \/>\n<meta property=\"og:type\" content=\"article\" \/>\n<meta property=\"og:title\" content=\"Politique de Confidentialit\u00e9 - Latitude17\" \/>\n<meta property=\"og:description\" content=\"Qui sommes nous L&rsquo;adresse de notre site est: http:\/\/www.latitude17.fr Les donn\u00e9es personnelles collect\u00e9es Lorsque vous cr\u00e9ez un compte et que vous achetez sur notre site, nous vous demandons de renseigner des informations suivantes: votre nom, pr\u00e9nom, adresse de facturation, adresse de livraison, adresse de messagerie, num\u00e9ro de t\u00e9l\u00e9phone, donn\u00e9es de paiement par carte bancaire. Seules [&hellip;]\" \/>\n<meta property=\"og:url\" content=\"https:\/\/www.latitude17.fr\/?page_id=3\" \/>\n<meta property=\"og:site_name\" content=\"Latitude17\" \/>\n<meta property=\"article:publisher\" content=\"https:\/\/www.facebook.com\/pg\/Latitude17-Les-paniers-de-la-Presqu%c3%aele-509908279352819\/\" \/>\n<meta property=\"article:modified_time\" content=\"2018-11-10T17:16:55+00:00\" \/>\n<meta name=\"twitter:card\" content=\"summary_large_image\" \/>\n<meta name=\"twitter:site\" content=\"@latitude17450\" \/>\n<meta name=\"twitter:label1\" content=\"Dur\u00e9e de lecture estim\u00e9e\" \/>\n\t<meta name=\"twitter:data1\" content=\"4 minutes\" \/>\n<script type=\"application\/ld+json\" class=\"yoast-schema-graph\">{\"@context\":\"https:\/\/schema.org\",\"@graph\":[{\"@type\":\"WebPage\",\"@id\":\"https:\/\/www.latitude17.fr\/?page_id=3\",\"url\":\"https:\/\/www.latitude17.fr\/?page_id=3\",\"name\":\"Politique de Confidentialit\u00e9 - Latitude17\",\"isPartOf\":{\"@id\":\"http:\/\/www.latitude17.fr\/#website\"},\"datePublished\":\"2018-09-12T15:38:59+00:00\",\"dateModified\":\"2018-11-10T17:16:55+00:00\",\"breadcrumb\":{\"@id\":\"https:\/\/www.latitude17.fr\/?page_id=3#breadcrumb\"},\"inLanguage\":\"fr-FR\",\"potentialAction\":[{\"@type\":\"ReadAction\",\"target\":[\"https:\/\/www.latitude17.fr\/?page_id=3\"]}]},{\"@type\":\"BreadcrumbList\",\"@id\":\"https:\/\/www.latitude17.fr\/?page_id=3#breadcrumb\",\"itemListElement\":[{\"@type\":\"ListItem\",\"position\":1,\"name\":\"Accueil\",\"item\":\"http:\/\/www.latitude17.fr\/\"},{\"@type\":\"ListItem\",\"position\":2,\"name\":\"Politique de Confidentialit\u00e9\"}]},{\"@type\":\"WebSite\",\"@id\":\"http:\/\/www.latitude17.fr\/#website\",\"url\":\"http:\/\/www.latitude17.fr\/\",\"name\":\"www.latitude17.fr\",\"description\":\"Nous cr\u00e9ons et r\u00e9alisons des articles \u00e0 partir de mat\u00e9riel ostr\u00e9icole, marin et de mat\u00e9riaux recycl\u00e9s. L&#039;oc\u00e9an et le surcyclage\",\"potentialAction\":[{\"@type\":\"SearchAction\",\"target\":{\"@type\":\"EntryPoint\",\"urlTemplate\":\"http:\/\/www.latitude17.fr\/?s={search_term_string}\"},\"query-input\":{\"@type\":\"PropertyValueSpecification\",\"valueRequired\":true,\"valueName\":\"search_term_string\"}}],\"inLanguage\":\"fr-FR\"}]}<\/script>\n<!-- \/ Yoast SEO plugin. -->","yoast_head_json":{"title":"Politique de Confidentialit\u00e9 - Latitude17","robots":{"index":"index","follow":"follow","max-snippet":"max-snippet:-1","max-image-preview":"max-image-preview:large","max-video-preview":"max-video-preview:-1"},"canonical":"https:\/\/www.latitude17.fr\/?page_id=3","og_locale":"fr_FR","og_type":"article","og_title":"Politique de Confidentialit\u00e9 - Latitude17","og_description":"Qui sommes nous L&rsquo;adresse de notre site est: http:\/\/www.latitude17.fr Les donn\u00e9es personnelles collect\u00e9es Lorsque vous cr\u00e9ez un compte et que vous achetez sur notre site, nous vous demandons de renseigner des informations suivantes: votre nom, pr\u00e9nom, adresse de facturation, adresse de livraison, adresse de messagerie, num\u00e9ro de t\u00e9l\u00e9phone, donn\u00e9es de paiement par carte bancaire. Seules [&hellip;]","og_url":"https:\/\/www.latitude17.fr\/?page_id=3","og_site_name":"Latitude17","article_publisher":"https:\/\/www.facebook.com\/pg\/Latitude17-Les-paniers-de-la-Presqu%c3%aele-509908279352819\/","article_modified_time":"2018-11-10T17:16:55+00:00","twitter_card":"summary_large_image","twitter_site":"@latitude17450","twitter_misc":{"Dur\u00e9e de lecture estim\u00e9e":"4 minutes"},"schema":{"@context":"https:\/\/schema.org","@graph":[{"@type":"WebPage","@id":"https:\/\/www.latitude17.fr\/?page_id=3","url":"https:\/\/www.latitude17.fr\/?page_id=3","name":"Politique de Confidentialit\u00e9 - Latitude17","isPartOf":{"@id":"http:\/\/www.latitude17.fr\/#website"},"datePublished":"2018-09-12T15:38:59+00:00","dateModified":"2018-11-10T17:16:55+00:00","breadcrumb":{"@id":"https:\/\/www.latitude17.fr\/?page_id=3#breadcrumb"},"inLanguage":"fr-FR","potentialAction":[{"@type":"ReadAction","target":["https:\/\/www.latitude17.fr\/?page_id=3"]}]},{"@type":"BreadcrumbList","@id":"https:\/\/www.latitude17.fr\/?page_id=3#breadcrumb","itemListElement":[{"@type":"ListItem","position":1,"name":"Accueil","item":"http:\/\/www.latitude17.fr\/"},{"@type":"ListItem","position":2,"name":"Politique de Confidentialit\u00e9"}]},{"@type":"WebSite","@id":"http:\/\/www.latitude17.fr\/#website","url":"http:\/\/www.latitude17.fr\/","name":"www.latitude17.fr","description":"Nous cr\u00e9ons et r\u00e9alisons des articles \u00e0 partir de mat\u00e9riel ostr\u00e9icole, marin et de mat\u00e9riaux recycl\u00e9s. L&#039;oc\u00e9an et le surcyclage","potentialAction":[{"@type":"SearchAction","target":{"@type":"EntryPoint","urlTemplate":"http:\/\/www.latitude17.fr\/?s={search_term_string}"},"query-input":{"@type":"PropertyValueSpecification","valueRequired":true,"valueName":"search_term_string"}}],"inLanguage":"fr-FR"}]}},"_links":{"self":[{"href":"https:\/\/www.latitude17.fr\/index.php?rest_route=\/wp\/v2\/pages\/3","targetHints":{"allow":["GET"]}}],"collection":[{"href":"https:\/\/www.latitude17.fr\/index.php?rest_route=\/wp\/v2\/pages"}],"about":[{"href":"https:\/\/www.latitude17.fr\/index.php?rest_route=\/wp\/v2\/types\/page"}],"author":[{"embeddable":true,"href":"https:\/\/www.latitude17.fr\/index.php?rest_route=\/wp\/v2\/users\/1"}],"replies":[{"embeddable":true,"href":"https:\/\/www.latitude17.fr\/index.php?rest_route=%2Fwp%2Fv2%2Fcomments&post=3"}],"version-history":[{"count":15,"href":"https:\/\/www.latitude17.fr\/index.php?rest_route=\/wp\/v2\/pages\/3\/revisions"}],"predecessor-version":[{"id":1836,"href":"https:\/\/www.latitude17.fr\/index.php?rest_route=\/wp\/v2\/pages\/3\/revisions\/1836"}],"wp:attachment":[{"href":"https:\/\/www.latitude17.fr\/index.php?rest_route=%2Fwp%2Fv2%2Fmedia&parent=3"}],"curies":[{"name":"wp","href":"https:\/\/api.w.org\/{rel}","templated":true}]}}