{"id":488,"date":"2018-10-05T16:31:24","date_gmt":"2018-10-05T16:31:24","guid":{"rendered":"http:\/\/www.latitude17.fr\/?page_id=488"},"modified":"2018-10-05T17:06:42","modified_gmt":"2018-10-05T17:06:42","slug":"conditions-generales-de-vente-2","status":"publish","type":"page","link":"https:\/\/www.latitude17.fr\/?page_id=488","title":{"rendered":"Conditions G\u00e9n\u00e9rales de Vente"},"content":{"rendered":"<p style=\"text-align: center;\"><b>CONDITIONS GENERALES DE VENTE<\/b><\/p>\n<p><b>Article 1\u00a0: Objet<\/b><\/p>\n<p>Ces conditions g\u00e9n\u00e9rales de vente visent \u00e0 d\u00e9finir les relations contractuelles entre Latitude17 et l\u2019acheteur et les conditions applicables \u00e0 tout achat effectu\u00e9 par le biais du site internet www. latitude17.fr.<br \/>\nL\u2019acquisition d\u2019un produit par le biais de ce site implique une acceptation sans r\u00e9serve par l\u2019acheteur des pr\u00e9sentes conditions de vente. L\u2019achat de produit ne doit pas \u00eatre en rapport direct avec son activit\u00e9 professionnelle et est limit\u00e9 \u00e0 une utilisation strictement personnelle.<br \/>\nLatitude17 conserve la possibilit\u00e9 de modifier \u00e0 tout moment ces conditions de vente, afin de respecter tout nouvelle r\u00e9glementation ou dans le but d\u2019am\u00e9liorer l\u2019utilisation de son site. De ce fait, les conditions applicables seront celles en vigueur \u00e0 la date de la commande par l\u2019acheteur.<br \/>\n<b><\/b><\/p>\n<p><b>Article 2\u00a0: Les produits<\/b><\/p>\n<p>Nous cr\u00e9ons et r\u00e9alisons des paniers, sacs et accessoires \u00e0 partir de maille \u00e0 casier, de poche \u00e0 hu\u00eetre neuve, de cordage marin, de para-corde, de tissu et de d\u00e9coration, ainsi que de mat\u00e9riaux r\u00e9cup\u00e9r\u00e9s sur les plages que nous recyclons. La sp\u00e9cificit\u00e9 de la maille et notre fa\u00e7on de travailler rendent chaque pi\u00e8ce unique. Nous sommes bas\u00e9s en Charente Maritime (Latitude17) et en Bretagne (Latitude Bzh) et tous nos fournisseurs sont les plus locaux possible.<br \/>\nLes produits \u00e0 la vente sur le site \u00e9tant r\u00e9alis\u00e9s de fa\u00e7on artisanale, les dimensions peuvent tr\u00e8s l\u00e9g\u00e8rement varier par rapport aux dimensions indiqu\u00e9es sur le site. Le produit en vente est pr\u00e9sent\u00e9 sur le site sous forme d\u2019un descriptif pr\u00e9cis et d\u2019une galerie de photos. Les photos correspondent au produit propos\u00e9 \u00e0 la vente.<br \/>\n<b><\/b><\/p>\n<p><b>Article 3\u00a0: Les prix<\/b><\/p>\n<p>Les prix des produits pr\u00e9sents sur le site sont indiqu\u00e9s \u00ab\u00a0net \u00e0 payer\u00a0\u00bb et en euros. La TVA est non applicable selon l\u2019article 293B du CGI.<br \/>\nLatitude17 se r\u00e9serve le droit de modifier ses prix \u00e0 tout moment, \u00e9tant toutefois entendu que le prix figurant au catalogue le jour de la commande sera le seul applicable \u00e0 l\u2019acheteur. Les prix des produits ne comprennent pas les frais de livraison, factur\u00e9s en suppl\u00e9ment du prix des produits achet\u00e9s suivant le poids de la commande.<br \/>\n<b><\/b><\/p>\n<p><b>Article 4\u00a0: Commande et modalit\u00e9 de paiement<\/b><\/p>\n<p>Avant toute commande, l\u2019acheteur doit cr\u00e9er un compte sur le site <a href=\"http:\/\/www.latitude17.fr\/\">www.latitude17.fr<\/a>. A chaque visite, l\u2019acheteur, s\u2019il souhaite commander ou consulter son compte devra s\u2019identifier \u00e0 l\u2019aide de l\u2019identifiant et du mot de passe qu\u2019il aura choisi. Toute commande sur le site a obligation de paiement.<\/p>\n<p><em>R\u00e8glement par carte bancaires<\/em><\/p>\n<p>Notre choix de partenaires locaux pour notre travail se retrouve lors de notre choix de notre partenaire pour le paiement par carte bancaire. Nous avons choisi une solution fran\u00e7aise propos\u00e9e par deux jeunes qui ont bien compris les besoins du e-Commerce.<br \/>\nFond\u00e9e en mai 2012 par deux fran\u00e7ais, Camille Tyan et Antoine Grimaud\u00a0, PayPlug a d\u00e9velopp\u00e9 un<b>\u00a0<\/b>coffre-fort virtuel\u00a0gr\u00e2ce \u00e0 des m\u00e9thodes de s\u00e9curit\u00e9 et de chiffrement tr\u00e8s\u00a0strictes\u00a0dans le but de\u00a0prot\u00e9ger\u00a0et\u00a0traiter\u00a0les\u00a0donn\u00e9es de cartes bancaires et a m\u00eame remport\u00e9 le prix de la meilleure solution de paiement aux E-Commerce Awards 2014.\u00a0 Depuis\u00a02015, PayPlug est\u00a0agr\u00e9\u00e9\u00a0en qualit\u00e9 d\u2019\u00e9tablissement de paiement aupr\u00e8s de l\u2019Autorit\u00e9 de Contr\u00f4le Prudentiel et de R\u00e9solution (ACPR) et est enregistr\u00e9 sous le code interbancaire (CIB). Cette solution de paiement a \u00e9galement \u00e9t\u00e9 certifi\u00e9e\u00a0selon le\u00a0PCI DSS, le standard de s\u00e9curit\u00e9 le plus strict sur le\u00a0traitement\u00a0et\u00a0le\u00a0stockage\u00a0des\u00a0donn\u00e9es de paiement<\/p>\n<p><em>R\u00e8glement par virement bancaire<\/em><\/p>\n<p>D\u00e8s r\u00e9ception du virement correspondant au montant de la commande, elle sera trait\u00e9e et exp\u00e9di\u00e9e sous un d\u00e9lai de 3 jours ouvr\u00e9s. Sans r\u00e9ception du virement sous 7 jours la commande sera d\u00e9clar\u00e9e annul\u00e9e et le ou les produits command\u00e9s propos\u00e9s \u00e0 nouveau \u00e0 la vente.<\/p>\n<p><b>Article 5\u00a0: R\u00e9serve de propri\u00e9t\u00e9<\/b><\/p>\n<p>Latitude17 conserve la propri\u00e9t\u00e9 pleine et enti\u00e8re des produits vendus jusqu\u2019au parfait encaissement du prix total de la commande.<\/p>\n<p><b>Article 6\u00a0: Exp\u00e9dition de commande et livraison<\/b><\/p>\n<p>L\u2019exp\u00e9dition de la commande se fait dans un d\u00e9lai de 3 jours ouvr\u00e9s apr\u00e8s r\u00e9ception du r\u00e8glement. Les produits command\u00e9s seront transport\u00e9s par le partenaire que vous aurez choisi \u00e0 l\u2019adresse de livraison indiqu\u00e9e lors de votre commande.<br \/>\nLes risques li\u00e9s au transport sont \u00e0 la charge de l\u2019acheteur \u00e0 compter du moment o\u00f9 les articles sont remis \u00e0 un tiers pour la livraison. L\u2019acheteur est tenu de v\u00e9rifier l\u2019\u00e9tat de l\u2019emballage et son contenu \u00e0 la livraison. En cas de dommage pendant le transport, toute r\u00e9clamation est \u00e0 effectuer aupr\u00e8s du transporteur.<\/p>\n<p><b>Article 7\u00a0: Garantie<\/b><\/p>\n<p>Si l\u2019article livr\u00e9 ne correspond pas \u00e0 l\u2019article command\u00e9, le client pourra \u00e9mettre une r\u00e9clamation par lettre recommand\u00e9e avec AR \u00e0 l\u2019adresse suivante Latitude17 \u2013 5 Boulevard de l\u2019oc\u00e9an \u2013 17450 Fouras. Si cette r\u00e9clamation est justifi\u00e9e, Latitude17 reprendra, \u00e9changera ou remboursera le produit. Les frais de retour seront alors pris en charge par Latitude17.<\/p>\n<p><b>Article 8\u00a0: R\u00e9tractation<\/b><\/p>\n<p>En vertu de la loi Hamon, l\u2019acheteur dispose d\u2019un d\u00e9lai de 14 jours \u00e0 compter de la livraison de leur commande pour exercer son droit de r\u00e9tractation et ainsi faire retour du produit au vendeur pour \u00e9change ou remboursement sans p\u00e9nalit\u00e9, \u00e0 l\u2019exception des frais de retour. L\u2019envoi d\u2019un formulaire de r\u00e9tractation se fera sur demande \u00e0 l\u2019adresse mail suivante\u00a0: <a href=\"mailto:latitude17@sfr.fr\">latitude17@sfr.fr<\/a>.<br \/>\nL\u2019acheteur devra renvoyer le ou les produits non utilis\u00e9s et en parfait \u00e9tat. Le remboursement interviendra dans les 14 jours apr\u00e8s la r\u00e9tractation de l\u2019acheteur sous r\u00e9serve de r\u00e9ception et de contr\u00f4le de l\u2019\u00e9tat des produits retourn\u00e9s avant ce d\u00e9lai.<\/p>\n<p><b>Article 9\u00a0: Propri\u00e9t\u00e9 intellectuelle<\/b><\/p>\n<p>Tous les \u00e9l\u00e9ments du site <a href=\"http:\/\/www.latitude17.fr\/\">www.latitude17.fr<\/a> sont et restent la propri\u00e9t\u00e9 intellectuelle et exclusive de Genevi\u00e8ve GOARIN. Personne n\u2019est autoris\u00e9 \u00e0 reproduire, exploiter, ou utiliser \u00e0 quelque titre que ce soit, m\u00eame partiellement, des \u00e9l\u00e9ments du site, qu\u2019ils soient sous forme de photo, logo, visuel ou texte. Les marques Latitude17 et Latitude Bzh sont d\u00e9pos\u00e9es.<\/p>\n<p><b>Article 10\u00a0: Donn\u00e9es \u00e0 caract\u00e8re personnel<\/b><\/p>\n<p>Latitude17 s\u2019engage \u00e0 pr\u00e9server la confidentialit\u00e9 des informations fournies par l\u2019acheteur, qu\u2019il serait amen\u00e9 \u00e0 transmettre pour l\u2019utilisation de certains services. Toute information le concernant est soumise aux dispositions de la loi n\u00b078-17 du 6 janvier 1978. A ce titre, l\u2019internaute dispose d\u2019un droit d\u2019acc\u00e8s, de modification et de suppression des informations le concernant. Il peut en faire la demande \u00e0 tout moment par courrier \u00e0 l\u2019adresse suivante\u00a0: Latitude17 &#8211; 5 Boulevard de l\u2019oc\u00e9an &#8211; 17450 Fouras ou par mail\u00a0: latitude17@sfr.fr<\/p>\n<p><b>Article 11\u00a0: M\u00e9diation<\/b><\/p>\n<p>En cas de contestation, l\u2019acheteur a la possibilit\u00e9 de recourir \u00e0 une proc\u00e9dure de m\u00e9diation conventionnelle.<\/p>\n<p><b>Article 1<\/b><b>2<\/b><b>\u00a0: <\/b><b>Droit applicable <\/b><b>et <\/b><b> <\/b><b>l<\/b><b>itiges<\/b><br \/>\nCes conditions g\u00e9n\u00e9rales de vente sont soumises \u00e0 la loi fran\u00e7aise. En cas de litige ou de contentieux, les tribunaux de La Rochelle seront seuls comp\u00e9tents.<\/p>\n","protected":false},"excerpt":{"rendered":"<p>CONDITIONS GENERALES DE VENTE Article 1\u00a0: Objet Ces conditions g\u00e9n\u00e9rales de vente visent \u00e0 d\u00e9finir les relations contractuelles entre Latitude17 et l\u2019acheteur et les conditions applicables \u00e0 tout achat effectu\u00e9 par le biais du site internet www. latitude17.fr. L\u2019acquisition d\u2019un produit par le biais de ce site implique une acceptation sans r\u00e9serve par l\u2019acheteur des [&hellip;]<\/p>\n","protected":false},"author":1,"featured_media":0,"parent":0,"menu_order":0,"comment_status":"closed","ping_status":"closed","template":"","meta":{"ocean_post_layout":"full-width","ocean_both_sidebars_style":"","ocean_both_sidebars_content_width":0,"ocean_both_sidebars_sidebars_width":0,"ocean_sidebar":"0","ocean_second_sidebar":"0","ocean_disable_margins":"enable","ocean_add_body_class":"","ocean_shortcode_before_top_bar":"","ocean_shortcode_after_top_bar":"","ocean_shortcode_before_header":"","ocean_shortcode_after_header":"","ocean_has_shortcode":"","ocean_shortcode_after_title":"","ocean_shortcode_before_footer_widgets":"","ocean_shortcode_after_footer_widgets":"","ocean_shortcode_before_footer_bottom":"","ocean_shortcode_after_footer_bottom":"","ocean_display_top_bar":"default","ocean_display_header":"default","ocean_header_style":"","ocean_center_header_left_menu":"0","ocean_custom_header_template":"0","ocean_custom_logo":0,"ocean_custom_retina_logo":0,"ocean_custom_logo_max_width":0,"ocean_custom_logo_tablet_max_width":0,"ocean_custom_logo_mobile_max_width":0,"ocean_custom_logo_max_height":0,"ocean_custom_logo_tablet_max_height":0,"ocean_custom_logo_mobile_max_height":0,"ocean_header_custom_menu":"0","ocean_menu_typo_font_family":"McLaren","ocean_menu_typo_font_subset":"","ocean_menu_typo_font_size":0,"ocean_menu_typo_font_size_tablet":0,"ocean_menu_typo_font_size_mobile":0,"ocean_menu_typo_font_size_unit":"px","ocean_menu_typo_font_weight":"","ocean_menu_typo_font_weight_tablet":"","ocean_menu_typo_font_weight_mobile":"","ocean_menu_typo_transform":"","ocean_menu_typo_transform_tablet":"","ocean_menu_typo_transform_mobile":"","ocean_menu_typo_line_height":0,"ocean_menu_typo_line_height_tablet":0,"ocean_menu_typo_line_height_mobile":0,"ocean_menu_typo_line_height_unit":"","ocean_menu_typo_spacing":0,"ocean_menu_typo_spacing_tablet":0,"ocean_menu_typo_spacing_mobile":0,"ocean_menu_typo_spacing_unit":"","ocean_menu_link_color":"","ocean_menu_link_color_hover":"","ocean_menu_link_color_active":"","ocean_menu_link_background":"","ocean_menu_link_hover_background":"","ocean_menu_link_active_background":"","ocean_menu_social_links_bg":"","ocean_menu_social_hover_links_bg":"","ocean_menu_social_links_color":"","ocean_menu_social_hover_links_color":"","ocean_disable_title":"default","ocean_disable_heading":"default","ocean_post_title":"","ocean_post_subheading":"","ocean_post_title_style":"centered","ocean_post_title_background_color":"","ocean_post_title_background":0,"ocean_post_title_bg_image_position":"","ocean_post_title_bg_image_attachment":"","ocean_post_title_bg_image_repeat":"","ocean_post_title_bg_image_size":"","ocean_post_title_height":0,"ocean_post_title_bg_overlay":0.5,"ocean_post_title_bg_overlay_color":"","ocean_disable_breadcrumbs":"default","ocean_breadcrumbs_color":"","ocean_breadcrumbs_separator_color":"","ocean_breadcrumbs_links_color":"","ocean_breadcrumbs_links_hover_color":"","ocean_display_footer_widgets":"default","ocean_display_footer_bottom":"default","ocean_custom_footer_template":"0","footnotes":""},"class_list":["post-488","page","type-page","status-publish","hentry","entry","owp-thumbs-layout-horizontal","owp-btn-normal","owp-tabs-layout-horizontal","has-no-thumbnails"],"yoast_head":"<!-- This site is optimized with the Yoast SEO plugin v25.8 - https:\/\/yoast.com\/wordpress\/plugins\/seo\/ -->\n<title>Conditions G\u00e9n\u00e9rales de Vente - Latitude17<\/title>\n<meta name=\"robots\" content=\"index, follow, max-snippet:-1, max-image-preview:large, max-video-preview:-1\" \/>\n<link rel=\"canonical\" href=\"https:\/\/www.latitude17.fr\/?page_id=488\" \/>\n<meta property=\"og:locale\" content=\"fr_FR\" \/>\n<meta property=\"og:type\" content=\"article\" \/>\n<meta property=\"og:title\" content=\"Conditions G\u00e9n\u00e9rales de Vente - Latitude17\" \/>\n<meta property=\"og:description\" content=\"CONDITIONS GENERALES DE VENTE Article 1\u00a0: Objet Ces conditions g\u00e9n\u00e9rales de vente visent \u00e0 d\u00e9finir les relations contractuelles entre Latitude17 et l\u2019acheteur et les conditions applicables \u00e0 tout achat effectu\u00e9 par le biais du site internet www. latitude17.fr. L\u2019acquisition d\u2019un produit par le biais de ce site implique une acceptation sans r\u00e9serve par l\u2019acheteur des [&hellip;]\" \/>\n<meta property=\"og:url\" content=\"https:\/\/www.latitude17.fr\/?page_id=488\" \/>\n<meta property=\"og:site_name\" content=\"Latitude17\" \/>\n<meta property=\"article:publisher\" content=\"https:\/\/www.facebook.com\/pg\/Latitude17-Les-paniers-de-la-Presqu%c3%aele-509908279352819\/\" \/>\n<meta property=\"article:modified_time\" content=\"2018-10-05T17:06:42+00:00\" \/>\n<meta name=\"twitter:card\" content=\"summary_large_image\" \/>\n<meta name=\"twitter:site\" content=\"@latitude17450\" \/>\n<meta name=\"twitter:label1\" content=\"Dur\u00e9e de lecture estim\u00e9e\" \/>\n\t<meta name=\"twitter:data1\" content=\"6 minutes\" \/>\n<script type=\"application\/ld+json\" class=\"yoast-schema-graph\">{\"@context\":\"https:\/\/schema.org\",\"@graph\":[{\"@type\":\"WebPage\",\"@id\":\"https:\/\/www.latitude17.fr\/?page_id=488\",\"url\":\"https:\/\/www.latitude17.fr\/?page_id=488\",\"name\":\"Conditions G\u00e9n\u00e9rales de Vente - Latitude17\",\"isPartOf\":{\"@id\":\"http:\/\/www.latitude17.fr\/#website\"},\"datePublished\":\"2018-10-05T16:31:24+00:00\",\"dateModified\":\"2018-10-05T17:06:42+00:00\",\"breadcrumb\":{\"@id\":\"https:\/\/www.latitude17.fr\/?page_id=488#breadcrumb\"},\"inLanguage\":\"fr-FR\",\"potentialAction\":[{\"@type\":\"ReadAction\",\"target\":[\"https:\/\/www.latitude17.fr\/?page_id=488\"]}]},{\"@type\":\"BreadcrumbList\",\"@id\":\"https:\/\/www.latitude17.fr\/?page_id=488#breadcrumb\",\"itemListElement\":[{\"@type\":\"ListItem\",\"position\":1,\"name\":\"Accueil\",\"item\":\"http:\/\/www.latitude17.fr\/\"},{\"@type\":\"ListItem\",\"position\":2,\"name\":\"Conditions G\u00e9n\u00e9rales de Vente\"}]},{\"@type\":\"WebSite\",\"@id\":\"http:\/\/www.latitude17.fr\/#website\",\"url\":\"http:\/\/www.latitude17.fr\/\",\"name\":\"www.latitude17.fr\",\"description\":\"Nous cr\u00e9ons et r\u00e9alisons des articles \u00e0 partir de mat\u00e9riel ostr\u00e9icole, marin et de mat\u00e9riaux recycl\u00e9s. L&#039;oc\u00e9an et le surcyclage\",\"potentialAction\":[{\"@type\":\"SearchAction\",\"target\":{\"@type\":\"EntryPoint\",\"urlTemplate\":\"http:\/\/www.latitude17.fr\/?s={search_term_string}\"},\"query-input\":{\"@type\":\"PropertyValueSpecification\",\"valueRequired\":true,\"valueName\":\"search_term_string\"}}],\"inLanguage\":\"fr-FR\"}]}<\/script>\n<!-- \/ Yoast SEO plugin. -->","yoast_head_json":{"title":"Conditions G\u00e9n\u00e9rales de Vente - Latitude17","robots":{"index":"index","follow":"follow","max-snippet":"max-snippet:-1","max-image-preview":"max-image-preview:large","max-video-preview":"max-video-preview:-1"},"canonical":"https:\/\/www.latitude17.fr\/?page_id=488","og_locale":"fr_FR","og_type":"article","og_title":"Conditions G\u00e9n\u00e9rales de Vente - Latitude17","og_description":"CONDITIONS GENERALES DE VENTE Article 1\u00a0: Objet Ces conditions g\u00e9n\u00e9rales de vente visent \u00e0 d\u00e9finir les relations contractuelles entre Latitude17 et l\u2019acheteur et les conditions applicables \u00e0 tout achat effectu\u00e9 par le biais du site internet www. latitude17.fr. L\u2019acquisition d\u2019un produit par le biais de ce site implique une acceptation sans r\u00e9serve par l\u2019acheteur des [&hellip;]","og_url":"https:\/\/www.latitude17.fr\/?page_id=488","og_site_name":"Latitude17","article_publisher":"https:\/\/www.facebook.com\/pg\/Latitude17-Les-paniers-de-la-Presqu%c3%aele-509908279352819\/","article_modified_time":"2018-10-05T17:06:42+00:00","twitter_card":"summary_large_image","twitter_site":"@latitude17450","twitter_misc":{"Dur\u00e9e de lecture estim\u00e9e":"6 minutes"},"schema":{"@context":"https:\/\/schema.org","@graph":[{"@type":"WebPage","@id":"https:\/\/www.latitude17.fr\/?page_id=488","url":"https:\/\/www.latitude17.fr\/?page_id=488","name":"Conditions G\u00e9n\u00e9rales de Vente - Latitude17","isPartOf":{"@id":"http:\/\/www.latitude17.fr\/#website"},"datePublished":"2018-10-05T16:31:24+00:00","dateModified":"2018-10-05T17:06:42+00:00","breadcrumb":{"@id":"https:\/\/www.latitude17.fr\/?page_id=488#breadcrumb"},"inLanguage":"fr-FR","potentialAction":[{"@type":"ReadAction","target":["https:\/\/www.latitude17.fr\/?page_id=488"]}]},{"@type":"BreadcrumbList","@id":"https:\/\/www.latitude17.fr\/?page_id=488#breadcrumb","itemListElement":[{"@type":"ListItem","position":1,"name":"Accueil","item":"http:\/\/www.latitude17.fr\/"},{"@type":"ListItem","position":2,"name":"Conditions G\u00e9n\u00e9rales de Vente"}]},{"@type":"WebSite","@id":"http:\/\/www.latitude17.fr\/#website","url":"http:\/\/www.latitude17.fr\/","name":"www.latitude17.fr","description":"Nous cr\u00e9ons et r\u00e9alisons des articles \u00e0 partir de mat\u00e9riel ostr\u00e9icole, marin et de mat\u00e9riaux recycl\u00e9s. L&#039;oc\u00e9an et le surcyclage","potentialAction":[{"@type":"SearchAction","target":{"@type":"EntryPoint","urlTemplate":"http:\/\/www.latitude17.fr\/?s={search_term_string}"},"query-input":{"@type":"PropertyValueSpecification","valueRequired":true,"valueName":"search_term_string"}}],"inLanguage":"fr-FR"}]}},"_links":{"self":[{"href":"https:\/\/www.latitude17.fr\/index.php?rest_route=\/wp\/v2\/pages\/488","targetHints":{"allow":["GET"]}}],"collection":[{"href":"https:\/\/www.latitude17.fr\/index.php?rest_route=\/wp\/v2\/pages"}],"about":[{"href":"https:\/\/www.latitude17.fr\/index.php?rest_route=\/wp\/v2\/types\/page"}],"author":[{"embeddable":true,"href":"https:\/\/www.latitude17.fr\/index.php?rest_route=\/wp\/v2\/users\/1"}],"replies":[{"embeddable":true,"href":"https:\/\/www.latitude17.fr\/index.php?rest_route=%2Fwp%2Fv2%2Fcomments&post=488"}],"version-history":[{"count":4,"href":"https:\/\/www.latitude17.fr\/index.php?rest_route=\/wp\/v2\/pages\/488\/revisions"}],"predecessor-version":[{"id":493,"href":"https:\/\/www.latitude17.fr\/index.php?rest_route=\/wp\/v2\/pages\/488\/revisions\/493"}],"wp:attachment":[{"href":"https:\/\/www.latitude17.fr\/index.php?rest_route=%2Fwp%2Fv2%2Fmedia&parent=488"}],"curies":[{"name":"wp","href":"https:\/\/api.w.org\/{rel}","templated":true}]}}