{"id":9735,"date":"2023-01-23T13:13:48","date_gmt":"2023-01-23T13:13:48","guid":{"rendered":"https:\/\/www.latitude17.fr\/?post_type=product&#038;p=9735"},"modified":"2023-05-28T11:44:45","modified_gmt":"2023-05-28T11:44:45","slug":"banc-poisson-rouge-3","status":"publish","type":"product","link":"https:\/\/www.latitude17.fr\/?product=banc-poisson-rouge-3","title":{"rendered":"Banc poisson rouge"},"content":{"rendered":"<p><span style=\"color: #808080;\">(Les informations compl\u00e9mentaires concernent la taille et le poids total du colis)<\/span><\/p>\n<h3><span style=\"font-family: 'Mac laren'; color: #808080;\"><span style=\"font-size: medium;\">Panier r\u00e9alis\u00e9 \u00e0 <\/span><\/span><span style=\"font-family: 'Mac laren'; color: #808080;\"><span style=\"font-size: medium;\">partir mat\u00e9riel ostr\u00e9icole, marin<\/span><\/span><span style=\"font-family: 'Mac laren'; color: #808080;\"><span style=\"font-size: medium;\">, de tissu ainsi que de mat\u00e9riaux r\u00e9cup\u00e9r\u00e9s sur les plages que nous recyclons. <\/span><\/span><\/h3>\n<h3><span style=\"font-family: 'Mac laren'; color: #808080;\"><span style=\"font-size: medium;\">La maille est tr\u00e8s l\u00e9g\u00e8re et extr\u00eamement r\u00e9sistante, ce qui fait que vous ne portez que le poids de ce que vous mettez dans le panier. Vous pouvez retirer la poche en tissu. <\/span><\/span><\/h3>\n<h3><span style=\"font-family: 'Mac laren'; color: #808080;\"><span style=\"font-size: medium;\">Du fait de la sp\u00e9cificit\u00e9 de la maille et de notre fa\u00e7on de travailler, chaque pi\u00e8ce est unique. <\/span><\/span><\/h3>\n<h3><span style=\"color: #808080;\"><span style=\"font-family: Mac laren;\"><span style=\"font-size: medium;\">Les dimensions indiqu\u00e9es sont mesur\u00e9es au fond du panier. Une fois le panier ferm\u00e9 il s\u2019\u00e9vase l\u00e9g\u00e8rement. <\/span><\/span><\/span><\/h3>\n<h3><span style=\"color: #808080;\"><span style=\"font-family: Mac laren;\"><span style=\"font-size: medium;\">Panier cr\u00e9\u00e9 et r\u00e9alis\u00e9 de fa\u00e7on artisanale par nos soins.<\/span><\/span><\/span><\/h3>\n<h3><span style=\"color: #808080;\"><span style=\"font-family: Mac laren;\"><span style=\"font-size: medium;\">Les caract\u00e9ristiques esth\u00e9tiques de nos paniers sont d\u00e9pos\u00e9es \u00e0 l\u2019INPI.<\/span><\/span><\/span><\/h3>\n","protected":false},"excerpt":{"rendered":"<h5><span style=\"color: #808080;\">Port\u00e9 main et \u00e9paule<\/span><\/h5>\n<h5><span style=\"color: #808080;\">Dimensions: L: 38 cm (ferm\u00e9: 47 cm) l: 16 cm\u00a0 Ht: 23 cm<\/span><\/h5>\n<h5><span style=\"color: #808080;\">Volume: environ 15.5 litres<\/span><\/h5>\n<h5><span style=\"color: #808080;\">Corde diam: 12 mm<\/span><\/h5>\n<h5><span style=\"color: #808080;\">Poids net: 540 g<\/span><\/h5>\n<p>&nbsp;<\/p>\n","protected":false},"featured_media":9718,"comment_status":"closed","ping_status":"closed","template":"","meta":{"ocean_post_layout":"full-width","ocean_both_sidebars_style":"","ocean_both_sidebars_content_width":0,"ocean_both_sidebars_sidebars_width":0,"ocean_sidebar":"0","ocean_second_sidebar":"0","ocean_disable_margins":"enable","ocean_add_body_class":"","ocean_shortcode_before_top_bar":"","ocean_shortcode_after_top_bar":"","ocean_shortcode_before_header":"","ocean_shortcode_after_header":"","ocean_has_shortcode":"","ocean_shortcode_after_title":"","ocean_shortcode_before_footer_widgets":"","ocean_shortcode_after_footer_widgets":"","ocean_shortcode_before_footer_bottom":"","ocean_shortcode_after_footer_bottom":"","ocean_display_top_bar":"default","ocean_display_header":"default","ocean_header_style":"","ocean_center_header_left_menu":"0","ocean_custom_header_template":"0","ocean_custom_logo":0,"ocean_custom_retina_logo":0,"ocean_custom_logo_max_width":0,"ocean_custom_logo_tablet_max_width":0,"ocean_custom_logo_mobile_max_width":0,"ocean_custom_logo_max_height":0,"ocean_custom_logo_tablet_max_height":0,"ocean_custom_logo_mobile_max_height":0,"ocean_header_custom_menu":"0","ocean_menu_typo_font_family":"0","ocean_menu_typo_font_subset":"","ocean_menu_typo_font_size":0,"ocean_menu_typo_font_size_tablet":0,"ocean_menu_typo_font_size_mobile":0,"ocean_menu_typo_font_size_unit":"px","ocean_menu_typo_font_weight":"","ocean_menu_typo_font_weight_tablet":"","ocean_menu_typo_font_weight_mobile":"","ocean_menu_typo_transform":"","ocean_menu_typo_transform_tablet":"","ocean_menu_typo_transform_mobile":"","ocean_menu_typo_line_height":0,"ocean_menu_typo_line_height_tablet":0,"ocean_menu_typo_line_height_mobile":0,"ocean_menu_typo_line_height_unit":"","ocean_menu_typo_spacing":0,"ocean_menu_typo_spacing_tablet":0,"ocean_menu_typo_spacing_mobile":0,"ocean_menu_typo_spacing_unit":"","ocean_menu_link_color":"","ocean_menu_link_color_hover":"","ocean_menu_link_color_active":"","ocean_menu_link_background":"","ocean_menu_link_hover_background":"","ocean_menu_link_active_background":"","ocean_menu_social_links_bg":"","ocean_menu_social_hover_links_bg":"","ocean_menu_social_links_color":"","ocean_menu_social_hover_links_color":"","ocean_disable_title":"default","ocean_disable_heading":"default","ocean_post_title":"","ocean_post_subheading":"","ocean_post_title_style":"","ocean_post_title_background_color":"","ocean_post_title_background":0,"ocean_post_title_bg_image_position":"","ocean_post_title_bg_image_attachment":"","ocean_post_title_bg_image_repeat":"","ocean_post_title_bg_image_size":"","ocean_post_title_height":0,"ocean_post_title_bg_overlay":0.5,"ocean_post_title_bg_overlay_color":"","ocean_disable_breadcrumbs":"default","ocean_breadcrumbs_color":"","ocean_breadcrumbs_separator_color":"","ocean_breadcrumbs_links_color":"","ocean_breadcrumbs_links_hover_color":"","ocean_display_footer_widgets":"default","ocean_display_footer_bottom":"default","ocean_custom_footer_template":"0"},"class_list":{"0":"post-9735","1":"product","2":"type-product","3":"status-publish","4":"has-post-thumbnail","6":"product_cat-les-tissus-imprimes","8":"entry","9":"has-media","11":"first","12":"outofstock","13":"sold-individually","14":"shipping-taxable","15":"purchasable","16":"product-type-simple","17":"col","18":"span_1_of_5","19":"owp-content-center","20":"item-entry","21":"owp-thumbs-layout-horizontal","22":"owp-btn-normal","23":"owp-tabs-layout-horizontal"},"yoast_head":"<!-- This site is optimized with the Yoast SEO plugin v25.8 - https:\/\/yoast.com\/wordpress\/plugins\/seo\/ -->\n<title>Banc poisson rouge - Latitude17<\/title>\n<meta name=\"robots\" content=\"index, follow, max-snippet:-1, max-image-preview:large, max-video-preview:-1\" \/>\n<link rel=\"canonical\" href=\"https:\/\/www.latitude17.fr\/?product=banc-poisson-rouge-3\" \/>\n<meta property=\"og:locale\" content=\"fr_FR\" \/>\n<meta property=\"og:type\" content=\"article\" \/>\n<meta property=\"og:title\" content=\"Banc poisson rouge - Latitude17\" \/>\n<meta property=\"og:description\" content=\"Port\u00e9 main et \u00e9paule Dimensions: L: 38 cm (ferm\u00e9: 47 cm) l: 16 cm\u00a0 Ht: 23 cm Volume: environ 15.5 litres Corde diam: 12 mm Poids net: 540 g &nbsp;\" \/>\n<meta property=\"og:url\" content=\"https:\/\/www.latitude17.fr\/?product=banc-poisson-rouge-3\" \/>\n<meta property=\"og:site_name\" content=\"Latitude17\" \/>\n<meta property=\"article:publisher\" content=\"https:\/\/www.facebook.com\/pg\/Latitude17-Les-paniers-de-la-Presqu%c3%aele-509908279352819\/\" \/>\n<meta property=\"article:modified_time\" content=\"2023-05-28T11:44:45+00:00\" \/>\n<meta property=\"og:image\" content=\"https:\/\/www.latitude17.fr\/wp-content\/uploads\/2023\/01\/IMG_0463-2-scaled.jpg\" \/>\n\t<meta property=\"og:image:width\" content=\"2560\" \/>\n\t<meta property=\"og:image:height\" content=\"2560\" \/>\n\t<meta property=\"og:image:type\" content=\"image\/jpeg\" \/>\n<meta name=\"twitter:card\" content=\"summary_large_image\" \/>\n<meta name=\"twitter:site\" content=\"@latitude17450\" \/>\n<meta name=\"twitter:label1\" content=\"Dur\u00e9e de lecture estim\u00e9e\" \/>\n\t<meta name=\"twitter:data1\" content=\"1 minute\" \/>\n<script type=\"application\/ld+json\" class=\"yoast-schema-graph\">{\"@context\":\"https:\/\/schema.org\",\"@graph\":[{\"@type\":\"WebPage\",\"@id\":\"https:\/\/www.latitude17.fr\/?product=banc-poisson-rouge-3\",\"url\":\"https:\/\/www.latitude17.fr\/?product=banc-poisson-rouge-3\",\"name\":\"Banc poisson rouge - Latitude17\",\"isPartOf\":{\"@id\":\"http:\/\/www.latitude17.fr\/#website\"},\"primaryImageOfPage\":{\"@id\":\"https:\/\/www.latitude17.fr\/?product=banc-poisson-rouge-3#primaryimage\"},\"image\":{\"@id\":\"https:\/\/www.latitude17.fr\/?product=banc-poisson-rouge-3#primaryimage\"},\"thumbnailUrl\":\"https:\/\/www.latitude17.fr\/wp-content\/uploads\/2023\/01\/IMG_0463-2-scaled.jpg\",\"datePublished\":\"2023-01-23T13:13:48+00:00\",\"dateModified\":\"2023-05-28T11:44:45+00:00\",\"breadcrumb\":{\"@id\":\"https:\/\/www.latitude17.fr\/?product=banc-poisson-rouge-3#breadcrumb\"},\"inLanguage\":\"fr-FR\",\"potentialAction\":[{\"@type\":\"ReadAction\",\"target\":[\"https:\/\/www.latitude17.fr\/?product=banc-poisson-rouge-3\"]}]},{\"@type\":\"ImageObject\",\"inLanguage\":\"fr-FR\",\"@id\":\"https:\/\/www.latitude17.fr\/?product=banc-poisson-rouge-3#primaryimage\",\"url\":\"https:\/\/www.latitude17.fr\/wp-content\/uploads\/2023\/01\/IMG_0463-2-scaled.jpg\",\"contentUrl\":\"https:\/\/www.latitude17.fr\/wp-content\/uploads\/2023\/01\/IMG_0463-2-scaled.jpg\",\"width\":2560,\"height\":2560},{\"@type\":\"BreadcrumbList\",\"@id\":\"https:\/\/www.latitude17.fr\/?product=banc-poisson-rouge-3#breadcrumb\",\"itemListElement\":[{\"@type\":\"ListItem\",\"position\":1,\"name\":\"Accueil\",\"item\":\"http:\/\/www.latitude17.fr\/\"},{\"@type\":\"ListItem\",\"position\":2,\"name\":\"Boutique\",\"item\":\"https:\/\/www.latitude17.fr\/?page_id=422\"},{\"@type\":\"ListItem\",\"position\":3,\"name\":\"Banc poisson rouge\"}]},{\"@type\":\"WebSite\",\"@id\":\"http:\/\/www.latitude17.fr\/#website\",\"url\":\"http:\/\/www.latitude17.fr\/\",\"name\":\"www.latitude17.fr\",\"description\":\"Nous cr\u00e9ons et r\u00e9alisons des articles \u00e0 partir de mat\u00e9riel ostr\u00e9icole, marin et de mat\u00e9riaux recycl\u00e9s. L&#039;oc\u00e9an et le surcyclage\",\"potentialAction\":[{\"@type\":\"SearchAction\",\"target\":{\"@type\":\"EntryPoint\",\"urlTemplate\":\"http:\/\/www.latitude17.fr\/?s={search_term_string}\"},\"query-input\":{\"@type\":\"PropertyValueSpecification\",\"valueRequired\":true,\"valueName\":\"search_term_string\"}}],\"inLanguage\":\"fr-FR\"}]}<\/script>\n<!-- \/ Yoast SEO plugin. -->","yoast_head_json":{"title":"Banc poisson rouge - Latitude17","robots":{"index":"index","follow":"follow","max-snippet":"max-snippet:-1","max-image-preview":"max-image-preview:large","max-video-preview":"max-video-preview:-1"},"canonical":"https:\/\/www.latitude17.fr\/?product=banc-poisson-rouge-3","og_locale":"fr_FR","og_type":"article","og_title":"Banc poisson rouge - Latitude17","og_description":"Port\u00e9 main et \u00e9paule Dimensions: L: 38 cm (ferm\u00e9: 47 cm) l: 16 cm\u00a0 Ht: 23 cm Volume: environ 15.5 litres Corde diam: 12 mm Poids net: 540 g &nbsp;","og_url":"https:\/\/www.latitude17.fr\/?product=banc-poisson-rouge-3","og_site_name":"Latitude17","article_publisher":"https:\/\/www.facebook.com\/pg\/Latitude17-Les-paniers-de-la-Presqu%c3%aele-509908279352819\/","article_modified_time":"2023-05-28T11:44:45+00:00","og_image":[{"width":2560,"height":2560,"url":"https:\/\/www.latitude17.fr\/wp-content\/uploads\/2023\/01\/IMG_0463-2-scaled.jpg","type":"image\/jpeg"}],"twitter_card":"summary_large_image","twitter_site":"@latitude17450","twitter_misc":{"Dur\u00e9e de lecture estim\u00e9e":"1 minute"},"schema":{"@context":"https:\/\/schema.org","@graph":[{"@type":"WebPage","@id":"https:\/\/www.latitude17.fr\/?product=banc-poisson-rouge-3","url":"https:\/\/www.latitude17.fr\/?product=banc-poisson-rouge-3","name":"Banc poisson rouge - Latitude17","isPartOf":{"@id":"http:\/\/www.latitude17.fr\/#website"},"primaryImageOfPage":{"@id":"https:\/\/www.latitude17.fr\/?product=banc-poisson-rouge-3#primaryimage"},"image":{"@id":"https:\/\/www.latitude17.fr\/?product=banc-poisson-rouge-3#primaryimage"},"thumbnailUrl":"https:\/\/www.latitude17.fr\/wp-content\/uploads\/2023\/01\/IMG_0463-2-scaled.jpg","datePublished":"2023-01-23T13:13:48+00:00","dateModified":"2023-05-28T11:44:45+00:00","breadcrumb":{"@id":"https:\/\/www.latitude17.fr\/?product=banc-poisson-rouge-3#breadcrumb"},"inLanguage":"fr-FR","potentialAction":[{"@type":"ReadAction","target":["https:\/\/www.latitude17.fr\/?product=banc-poisson-rouge-3"]}]},{"@type":"ImageObject","inLanguage":"fr-FR","@id":"https:\/\/www.latitude17.fr\/?product=banc-poisson-rouge-3#primaryimage","url":"https:\/\/www.latitude17.fr\/wp-content\/uploads\/2023\/01\/IMG_0463-2-scaled.jpg","contentUrl":"https:\/\/www.latitude17.fr\/wp-content\/uploads\/2023\/01\/IMG_0463-2-scaled.jpg","width":2560,"height":2560},{"@type":"BreadcrumbList","@id":"https:\/\/www.latitude17.fr\/?product=banc-poisson-rouge-3#breadcrumb","itemListElement":[{"@type":"ListItem","position":1,"name":"Accueil","item":"http:\/\/www.latitude17.fr\/"},{"@type":"ListItem","position":2,"name":"Boutique","item":"https:\/\/www.latitude17.fr\/?page_id=422"},{"@type":"ListItem","position":3,"name":"Banc poisson rouge"}]},{"@type":"WebSite","@id":"http:\/\/www.latitude17.fr\/#website","url":"http:\/\/www.latitude17.fr\/","name":"www.latitude17.fr","description":"Nous cr\u00e9ons et r\u00e9alisons des articles \u00e0 partir de mat\u00e9riel ostr\u00e9icole, marin et de mat\u00e9riaux recycl\u00e9s. L&#039;oc\u00e9an et le surcyclage","potentialAction":[{"@type":"SearchAction","target":{"@type":"EntryPoint","urlTemplate":"http:\/\/www.latitude17.fr\/?s={search_term_string}"},"query-input":{"@type":"PropertyValueSpecification","valueRequired":true,"valueName":"search_term_string"}}],"inLanguage":"fr-FR"}]}},"_links":{"self":[{"href":"https:\/\/www.latitude17.fr\/index.php?rest_route=\/wp\/v2\/product\/9735","targetHints":{"allow":["GET"]}}],"collection":[{"href":"https:\/\/www.latitude17.fr\/index.php?rest_route=\/wp\/v2\/product"}],"about":[{"href":"https:\/\/www.latitude17.fr\/index.php?rest_route=\/wp\/v2\/types\/product"}],"replies":[{"embeddable":true,"href":"https:\/\/www.latitude17.fr\/index.php?rest_route=%2Fwp%2Fv2%2Fcomments&post=9735"}],"wp:featuredmedia":[{"embeddable":true,"href":"https:\/\/www.latitude17.fr\/index.php?rest_route=\/wp\/v2\/media\/9718"}],"wp:attachment":[{"href":"https:\/\/www.latitude17.fr\/index.php?rest_route=%2Fwp%2Fv2%2Fmedia&parent=9735"}],"curies":[{"name":"wp","href":"https:\/\/api.w.org\/{rel}","templated":true}]}}